{"id":89,"date":"2016-08-27T18:50:24","date_gmt":"2016-08-27T21:50:24","guid":{"rendered":"http:\/\/template8.rockcontent.com\/?page_id=89"},"modified":"2016-11-29T16:33:06","modified_gmt":"2016-11-29T19:33:06","slug":"materiais-gratuitos","status":"publish","type":"page","link":"https:\/\/www.scuadra.com.br\/blog\/materiais-gratuitos\/","title":{"rendered":"Ebooks"},"content":{"rendered":"<h4>Ebooks de apoio para empresas que necessitam de solu\u00e7\u00f5es criativas e exclusivas para Embalagens Diferenciadas, Manuseios e Montagens de Kits Promocionais<\/h4>\n<h5>Baixe aqui gr\u00e1tis:<\/h5>\n<ul>\n<li><a href=\"http:\/\/materiais.scuadra.com.br\/guia-pratico-sobre-legislacao-sanitaria\">Guia Pr\u00e1tico Sobre Legisla\u00e7\u00e3o Sanit\u00e1ria Aplicado para a \u00e1rea de Cosm\u00e9ticos, Saneantes e Correlatos para a Sa\u00fade<\/a><\/li>\n<li><a href=\"http:\/\/materiais.scuadra.com.br\/promocoes-de-produtos\">Como fazer promo\u00e7\u00f5es de produtos?<\/a><\/li>\n<\/ul>\n","protected":false},"excerpt":{"rendered":"<p>Ebooks de apoio para empresas que necessitam de solu\u00e7\u00f5es criativas e exclusivas para Embalagens Diferenciadas, Manuseios e Montagens de Kits Promocionais Baixe aqui gr\u00e1tis: Guia Pr\u00e1tico Sobre Legisla\u00e7\u00e3o Sanit\u00e1ria Aplicado para a \u00e1rea de Cosm\u00e9ticos, Saneantes e Correlatos para a Sa\u00fade Como fazer promo\u00e7\u00f5es de produtos?<\/p>\n","protected":false},"author":2,"featured_media":0,"parent":0,"menu_order":0,"comment_status":"closed","ping_status":"closed","template":"","meta":{"episode_type":"","audio_file":"","podmotor_file_id":"","podmotor_episode_id":"","cover_image":"","cover_image_id":"","duration":"","filesize":"","filesize_raw":"","date_recorded":"","explicit":"","block":""},"yoast_head":"<!-- This site is optimized with the Yoast SEO Premium plugin v20.12 (Yoast SEO v20.12) - https:\/\/yoast.com\/wordpress\/plugins\/seo\/ -->\n<title>Ebooks - Embalagens diferenciadas e personalizadas | Scuadra<\/title>\n<meta name=\"description\" content=\"Ebooks de apoio para empresas que necessitam de solu\u00e7\u00f5es criativas e exclusivas para Embalagens Diferenciadas, Manuseios e Montagens de Kits Promocionais\" \/>\n<meta name=\"robots\" content=\"index, follow, max-snippet:-1, max-image-preview:large, max-video-preview:-1\" \/>\n<link rel=\"canonical\" href=\"https:\/\/www.scuadra.com.br\/blog\/materiais-gratuitos\/\" \/>\n<meta property=\"og:locale\" content=\"pt_BR\" \/>\n<meta property=\"og:type\" content=\"article\" \/>\n<meta property=\"og:title\" content=\"Ebooks\" \/>\n<meta property=\"og:description\" content=\"Ebooks de apoio para empresas que necessitam de solu\u00e7\u00f5es criativas e exclusivas para Embalagens Diferenciadas, Manuseios e Montagens de Kits Promocionais\" \/>\n<meta property=\"og:url\" content=\"https:\/\/www.scuadra.com.br\/blog\/materiais-gratuitos\/\" \/>\n<meta property=\"og:site_name\" content=\"Embalagens diferenciadas e personalizadas | Scuadra\" \/>\n<meta property=\"article:publisher\" content=\"https:\/\/www.facebook.com\/scuadraembalagens\" \/>\n<meta property=\"article:modified_time\" content=\"2016-11-29T19:33:06+00:00\" \/>\n<meta name=\"twitter:card\" content=\"summary_large_image\" \/>\n<meta name=\"twitter:site\" content=\"@scuadraembalage\" \/>\n<script type=\"application\/ld+json\" class=\"yoast-schema-graph\">{\"@context\":\"https:\/\/schema.org\",\"@graph\":[{\"@type\":\"WebPage\",\"@id\":\"https:\/\/www.scuadra.com.br\/blog\/materiais-gratuitos\/\",\"url\":\"https:\/\/www.scuadra.com.br\/blog\/materiais-gratuitos\/\",\"name\":\"Ebooks - Embalagens diferenciadas e personalizadas | Scuadra\",\"isPartOf\":{\"@id\":\"https:\/\/www.scuadra.com.br\/blog\/#website\"},\"datePublished\":\"2016-08-27T21:50:24+00:00\",\"dateModified\":\"2016-11-29T19:33:06+00:00\",\"description\":\"Ebooks de apoio para empresas que necessitam de solu\u00e7\u00f5es criativas e exclusivas para Embalagens Diferenciadas, Manuseios e Montagens de Kits Promocionais\",\"breadcrumb\":{\"@id\":\"https:\/\/www.scuadra.com.br\/blog\/materiais-gratuitos\/#breadcrumb\"},\"inLanguage\":\"pt-BR\",\"potentialAction\":[{\"@type\":\"ReadAction\",\"target\":[\"https:\/\/www.scuadra.com.br\/blog\/materiais-gratuitos\/\"]}]},{\"@type\":\"BreadcrumbList\",\"@id\":\"https:\/\/www.scuadra.com.br\/blog\/materiais-gratuitos\/#breadcrumb\",\"itemListElement\":[{\"@type\":\"ListItem\",\"position\":1,\"name\":\"In\u00edcio\",\"item\":\"https:\/\/www.scuadra.com.br\/blog\/\"},{\"@type\":\"ListItem\",\"position\":2,\"name\":\"Ebooks\"}]},{\"@type\":\"WebSite\",\"@id\":\"https:\/\/www.scuadra.com.br\/blog\/#website\",\"url\":\"https:\/\/www.scuadra.com.br\/blog\/\",\"name\":\"Embalagens diferenciadas e personalizadas | Blog da Scuadra\",\"description\":\"Solu&ccedil;&otilde;es criativas e inovadoras no desenvolvimento de embalagens diferenciadas e personalizadas, que agreguem valor ao seu produto no ponto de venda.\",\"publisher\":{\"@id\":\"https:\/\/www.scuadra.com.br\/blog\/#organization\"},\"potentialAction\":[{\"@type\":\"SearchAction\",\"target\":{\"@type\":\"EntryPoint\",\"urlTemplate\":\"https:\/\/www.scuadra.com.br\/blog\/?s={search_term_string}\"},\"query-input\":\"required name=search_term_string\"}],\"inLanguage\":\"pt-BR\"},{\"@type\":\"Organization\",\"@id\":\"https:\/\/www.scuadra.com.br\/blog\/#organization\",\"name\":\"Scuadra Embalagens Diferenciadas Ind. e Com. Ltda\",\"url\":\"https:\/\/www.scuadra.com.br\/blog\/\",\"logo\":{\"@type\":\"ImageObject\",\"inLanguage\":\"pt-BR\",\"@id\":\"https:\/\/www.scuadra.com.br\/blog\/#\/schema\/logo\/image\/\",\"url\":\"https:\/\/www.scuadra.com.br\/blog\/wp-content\/uploads\/2016\/10\/SCUADRA_NOVO.png\",\"contentUrl\":\"https:\/\/www.scuadra.com.br\/blog\/wp-content\/uploads\/2016\/10\/SCUADRA_NOVO.png\",\"width\":400,\"height\":400,\"caption\":\"Scuadra Embalagens Diferenciadas Ind. e Com. Ltda\"},\"image\":{\"@id\":\"https:\/\/www.scuadra.com.br\/blog\/#\/schema\/logo\/image\/\"},\"sameAs\":[\"https:\/\/www.facebook.com\/scuadraembalagens\",\"https:\/\/twitter.com\/scuadraembalage\",\"https:\/\/www.instagram.com\/scuadraembalagens\/\",\"https:\/\/www.linkedin.com\/company\/scuadra-manuseio-e-kits-promocionais-ltda\",\"https:\/\/www.pinterest.com\/scuadraembalage\"]}]}<\/script>\n<!-- \/ Yoast SEO Premium plugin. -->","yoast_head_json":{"title":"Ebooks - Embalagens diferenciadas e personalizadas | Scuadra","description":"Ebooks de apoio para empresas que necessitam de solu\u00e7\u00f5es criativas e exclusivas para Embalagens Diferenciadas, Manuseios e Montagens de Kits Promocionais","robots":{"index":"index","follow":"follow","max-snippet":"max-snippet:-1","max-image-preview":"max-image-preview:large","max-video-preview":"max-video-preview:-1"},"canonical":"https:\/\/www.scuadra.com.br\/blog\/materiais-gratuitos\/","og_locale":"pt_BR","og_type":"article","og_title":"Ebooks","og_description":"Ebooks de apoio para empresas que necessitam de solu\u00e7\u00f5es criativas e exclusivas para Embalagens Diferenciadas, Manuseios e Montagens de Kits Promocionais","og_url":"https:\/\/www.scuadra.com.br\/blog\/materiais-gratuitos\/","og_site_name":"Embalagens diferenciadas e personalizadas | Scuadra","article_publisher":"https:\/\/www.facebook.com\/scuadraembalagens","article_modified_time":"2016-11-29T19:33:06+00:00","twitter_card":"summary_large_image","twitter_site":"@scuadraembalage","schema":{"@context":"https:\/\/schema.org","@graph":[{"@type":"WebPage","@id":"https:\/\/www.scuadra.com.br\/blog\/materiais-gratuitos\/","url":"https:\/\/www.scuadra.com.br\/blog\/materiais-gratuitos\/","name":"Ebooks - Embalagens diferenciadas e personalizadas | Scuadra","isPartOf":{"@id":"https:\/\/www.scuadra.com.br\/blog\/#website"},"datePublished":"2016-08-27T21:50:24+00:00","dateModified":"2016-11-29T19:33:06+00:00","description":"Ebooks de apoio para empresas que necessitam de solu\u00e7\u00f5es criativas e exclusivas para Embalagens Diferenciadas, Manuseios e Montagens de Kits Promocionais","breadcrumb":{"@id":"https:\/\/www.scuadra.com.br\/blog\/materiais-gratuitos\/#breadcrumb"},"inLanguage":"pt-BR","potentialAction":[{"@type":"ReadAction","target":["https:\/\/www.scuadra.com.br\/blog\/materiais-gratuitos\/"]}]},{"@type":"BreadcrumbList","@id":"https:\/\/www.scuadra.com.br\/blog\/materiais-gratuitos\/#breadcrumb","itemListElement":[{"@type":"ListItem","position":1,"name":"In\u00edcio","item":"https:\/\/www.scuadra.com.br\/blog\/"},{"@type":"ListItem","position":2,"name":"Ebooks"}]},{"@type":"WebSite","@id":"https:\/\/www.scuadra.com.br\/blog\/#website","url":"https:\/\/www.scuadra.com.br\/blog\/","name":"Embalagens diferenciadas e personalizadas | Blog da Scuadra","description":"Solu&ccedil;&otilde;es criativas e inovadoras no desenvolvimento de embalagens diferenciadas e personalizadas, que agreguem valor ao seu produto no ponto de venda.","publisher":{"@id":"https:\/\/www.scuadra.com.br\/blog\/#organization"},"potentialAction":[{"@type":"SearchAction","target":{"@type":"EntryPoint","urlTemplate":"https:\/\/www.scuadra.com.br\/blog\/?s={search_term_string}"},"query-input":"required name=search_term_string"}],"inLanguage":"pt-BR"},{"@type":"Organization","@id":"https:\/\/www.scuadra.com.br\/blog\/#organization","name":"Scuadra Embalagens Diferenciadas Ind. e Com. Ltda","url":"https:\/\/www.scuadra.com.br\/blog\/","logo":{"@type":"ImageObject","inLanguage":"pt-BR","@id":"https:\/\/www.scuadra.com.br\/blog\/#\/schema\/logo\/image\/","url":"https:\/\/www.scuadra.com.br\/blog\/wp-content\/uploads\/2016\/10\/SCUADRA_NOVO.png","contentUrl":"https:\/\/www.scuadra.com.br\/blog\/wp-content\/uploads\/2016\/10\/SCUADRA_NOVO.png","width":400,"height":400,"caption":"Scuadra Embalagens Diferenciadas Ind. e Com. Ltda"},"image":{"@id":"https:\/\/www.scuadra.com.br\/blog\/#\/schema\/logo\/image\/"},"sameAs":["https:\/\/www.facebook.com\/scuadraembalagens","https:\/\/twitter.com\/scuadraembalage","https:\/\/www.instagram.com\/scuadraembalagens\/","https:\/\/www.linkedin.com\/company\/scuadra-manuseio-e-kits-promocionais-ltda","https:\/\/www.pinterest.com\/scuadraembalage"]}]}},"_links":{"self":[{"href":"https:\/\/www.scuadra.com.br\/blog\/wp-json\/wp\/v2\/pages\/89"}],"collection":[{"href":"https:\/\/www.scuadra.com.br\/blog\/wp-json\/wp\/v2\/pages"}],"about":[{"href":"https:\/\/www.scuadra.com.br\/blog\/wp-json\/wp\/v2\/types\/page"}],"author":[{"embeddable":true,"href":"https:\/\/www.scuadra.com.br\/blog\/wp-json\/wp\/v2\/users\/2"}],"replies":[{"embeddable":true,"href":"https:\/\/www.scuadra.com.br\/blog\/wp-json\/wp\/v2\/comments?post=89"}],"version-history":[{"count":8,"href":"https:\/\/www.scuadra.com.br\/blog\/wp-json\/wp\/v2\/pages\/89\/revisions"}],"predecessor-version":[{"id":296,"href":"https:\/\/www.scuadra.com.br\/blog\/wp-json\/wp\/v2\/pages\/89\/revisions\/296"}],"wp:attachment":[{"href":"https:\/\/www.scuadra.com.br\/blog\/wp-json\/wp\/v2\/media?parent=89"}],"curies":[{"name":"wp","href":"https:\/\/api.w.org\/{rel}","templated":true}]}}